{"id":2,"date":"2021-09-08T10:43:20","date_gmt":"2021-09-08T08:43:20","guid":{"rendered":"https:\/\/idonim-lingerie.fr\/?page_id=2"},"modified":"2021-09-08T10:43:20","modified_gmt":"2021-09-08T08:43:20","slug":"page-d-exemple","status":"publish","type":"page","link":"https:\/\/idonim-lingerie.fr\/en\/page-d-exemple\/","title":{"rendered":"Example page"},"content":{"rendered":"<p>This is a sample page. It is different from a blog post because it will stay in the same place and appear in your site navigation (in most themes). Most people start with an \"About\" page that introduces them to people visiting the site. It might look something like this:<\/p>\n\n\n\n<blockquote class=\"wp-block-quote is-layout-flow wp-block-quote-is-layout-flow\"><p>Hello ! I'm a mechanic who aspires to be an actor, and this is my website. I live in Bordeaux, have a great dog named Russell, and love vodka (as well as being surprised by sudden rain during long walks on the beach at sunset).<\/p><\/blockquote>\n\n\n\n<p>...or something like that:<\/p>\n\n\n\n<blockquote class=\"wp-block-quote is-layout-flow wp-block-quote-is-layout-flow\"><p>123 Machin Truc was founded in 1971, and has been providing the public with quality contraption ever since. Located in Saint-Remy-en-Bouzemont-Saint-Genest-et-Isson, 123 Machin Truc employs 2,000 people, and manufactures all kinds of cool stuff for the Bouzemont community.<\/p><\/blockquote>\n\n\n\n<p>As a new user of WordPress, you should go to <a href=\"https:\/\/idonim-lingerie.fr\/wp-admin\/\">your dashboard<\/a> to delete this page and create new pages for your content. Have fun!<\/p>","protected":false},"excerpt":{"rendered":"<p>Ceci est une page d\u2019exemple. C\u2019est diff\u00e9rent d\u2019un article de blog parce qu\u2019elle restera au m\u00eame endroit et appara\u00eetra dans la navigation de votre site (dans la plupart des th\u00e8mes). La plupart des gens commencent par une page \u00ab\u00a0\u00c0 propos\u00a0\u00bb qui les pr\u00e9sente aux personnes visitant du site. Cela pourrait [&hellip;]<\/p>\n","protected":false},"author":1,"featured_media":0,"parent":0,"menu_order":0,"comment_status":"closed","ping_status":"open","template":"","meta":{"footnotes":""},"class_list":["post-2","page","type-page","status-publish","hentry"],"yoast_head":"<!-- This site is optimized with the Yoast SEO plugin v27.5 - https:\/\/yoast.com\/product\/yoast-seo-wordpress\/ -->\n<title>Page d\u2019exemple - Idonim Lingerie<\/title>\n<meta name=\"robots\" content=\"index, follow, max-snippet:-1, max-image-preview:large, max-video-preview:-1\" \/>\n<link rel=\"canonical\" href=\"https:\/\/idonim-lingerie.fr\/en\/page-d-exemple\/\" \/>\n<meta property=\"og:locale\" content=\"en_GB\" \/>\n<meta property=\"og:type\" content=\"article\" \/>\n<meta property=\"og:title\" content=\"Page d\u2019exemple - Idonim Lingerie\" \/>\n<meta property=\"og:description\" content=\"Ceci est une page d\u2019exemple. C\u2019est diff\u00e9rent d\u2019un article de blog parce qu\u2019elle restera au m\u00eame endroit et appara\u00eetra dans la navigation de votre site (dans la plupart des th\u00e8mes). La plupart des gens commencent par une page \u00ab\u00a0\u00c0 propos\u00a0\u00bb qui les pr\u00e9sente aux personnes visitant du site. Cela pourrait [&hellip;]\" \/>\n<meta property=\"og:url\" content=\"https:\/\/idonim-lingerie.fr\/en\/page-d-exemple\/\" \/>\n<meta property=\"og:site_name\" content=\"Idonim Lingerie\" \/>\n<meta name=\"twitter:card\" content=\"summary_large_image\" \/>\n<meta name=\"twitter:label1\" content=\"Estimated reading time\" \/>\n\t<meta name=\"twitter:data1\" content=\"1 minute\" \/>\n<script type=\"application\/ld+json\" class=\"yoast-schema-graph\">{\"@context\":\"https:\\\/\\\/schema.org\",\"@graph\":[{\"@type\":\"WebPage\",\"@id\":\"https:\\\/\\\/idonim-lingerie.fr\\\/page-d-exemple\\\/\",\"url\":\"https:\\\/\\\/idonim-lingerie.fr\\\/page-d-exemple\\\/\",\"name\":\"Page d\u2019exemple - Idonim Lingerie\",\"isPartOf\":{\"@id\":\"https:\\\/\\\/idonim-lingerie.fr\\\/#website\"},\"datePublished\":\"2021-09-08T08:43:20+00:00\",\"breadcrumb\":{\"@id\":\"https:\\\/\\\/idonim-lingerie.fr\\\/page-d-exemple\\\/#breadcrumb\"},\"inLanguage\":\"en-GB\",\"potentialAction\":[{\"@type\":\"ReadAction\",\"target\":[\"https:\\\/\\\/idonim-lingerie.fr\\\/page-d-exemple\\\/\"]}]},{\"@type\":\"BreadcrumbList\",\"@id\":\"https:\\\/\\\/idonim-lingerie.fr\\\/page-d-exemple\\\/#breadcrumb\",\"itemListElement\":[{\"@type\":\"ListItem\",\"position\":1,\"name\":\"Accueil\",\"item\":\"https:\\\/\\\/idonim-lingerie.fr\\\/\"},{\"@type\":\"ListItem\",\"position\":2,\"name\":\"Page d\u2019exemple\"}]},{\"@type\":\"WebSite\",\"@id\":\"https:\\\/\\\/idonim-lingerie.fr\\\/#website\",\"url\":\"https:\\\/\\\/idonim-lingerie.fr\\\/\",\"name\":\"Idonim Lingerie\",\"description\":\"Idonim offre une s\u00e9lection vari\u00e9e de tissus, dentelles et accessoires pour vos cr\u00e9ations. Livraison rapide. Ateliers P\u00e9dagogiques. Cr\u00e9ation De Qualit\u00e9. M\u00ealant Style Et Confort.\",\"publisher\":{\"@id\":\"https:\\\/\\\/idonim-lingerie.fr\\\/#organization\"},\"potentialAction\":[{\"@type\":\"SearchAction\",\"target\":{\"@type\":\"EntryPoint\",\"urlTemplate\":\"https:\\\/\\\/idonim-lingerie.fr\\\/?s={search_term_string}\"},\"query-input\":{\"@type\":\"PropertyValueSpecification\",\"valueRequired\":true,\"valueName\":\"search_term_string\"}}],\"inLanguage\":\"en-GB\"},{\"@type\":\"Organization\",\"@id\":\"https:\\\/\\\/idonim-lingerie.fr\\\/#organization\",\"name\":\"Idonim Lingerie\",\"url\":\"https:\\\/\\\/idonim-lingerie.fr\\\/\",\"logo\":{\"@type\":\"ImageObject\",\"inLanguage\":\"en-GB\",\"@id\":\"https:\\\/\\\/idonim-lingerie.fr\\\/#\\\/schema\\\/logo\\\/image\\\/\",\"url\":\"https:\\\/\\\/idonim-lingerie.fr\\\/wp-content\\\/uploads\\\/2025\\\/12\\\/idonim_h28.webp\",\"contentUrl\":\"https:\\\/\\\/idonim-lingerie.fr\\\/wp-content\\\/uploads\\\/2025\\\/12\\\/idonim_h28.webp\",\"width\":111,\"height\":28,\"caption\":\"Idonim Lingerie\"},\"image\":{\"@id\":\"https:\\\/\\\/idonim-lingerie.fr\\\/#\\\/schema\\\/logo\\\/image\\\/\"}}]}<\/script>\n<!-- \/ Yoast SEO plugin. -->","yoast_head_json":{"title":"Page d\u2019exemple - Idonim Lingerie","robots":{"index":"index","follow":"follow","max-snippet":"max-snippet:-1","max-image-preview":"max-image-preview:large","max-video-preview":"max-video-preview:-1"},"canonical":"https:\/\/idonim-lingerie.fr\/en\/page-d-exemple\/","og_locale":"en_GB","og_type":"article","og_title":"Page d\u2019exemple - Idonim Lingerie","og_description":"Ceci est une page d\u2019exemple. C\u2019est diff\u00e9rent d\u2019un article de blog parce qu\u2019elle restera au m\u00eame endroit et appara\u00eetra dans la navigation de votre site (dans la plupart des th\u00e8mes). La plupart des gens commencent par une page \u00ab\u00a0\u00c0 propos\u00a0\u00bb qui les pr\u00e9sente aux personnes visitant du site. Cela pourrait [&hellip;]","og_url":"https:\/\/idonim-lingerie.fr\/en\/page-d-exemple\/","og_site_name":"Idonim Lingerie","twitter_card":"summary_large_image","twitter_misc":{"Estimated reading time":"1 minute"},"schema":{"@context":"https:\/\/schema.org","@graph":[{"@type":"WebPage","@id":"https:\/\/idonim-lingerie.fr\/page-d-exemple\/","url":"https:\/\/idonim-lingerie.fr\/page-d-exemple\/","name":"Page d\u2019exemple - Idonim Lingerie","isPartOf":{"@id":"https:\/\/idonim-lingerie.fr\/#website"},"datePublished":"2021-09-08T08:43:20+00:00","breadcrumb":{"@id":"https:\/\/idonim-lingerie.fr\/page-d-exemple\/#breadcrumb"},"inLanguage":"en-GB","potentialAction":[{"@type":"ReadAction","target":["https:\/\/idonim-lingerie.fr\/page-d-exemple\/"]}]},{"@type":"BreadcrumbList","@id":"https:\/\/idonim-lingerie.fr\/page-d-exemple\/#breadcrumb","itemListElement":[{"@type":"ListItem","position":1,"name":"Accueil","item":"https:\/\/idonim-lingerie.fr\/"},{"@type":"ListItem","position":2,"name":"Page d\u2019exemple"}]},{"@type":"WebSite","@id":"https:\/\/idonim-lingerie.fr\/#website","url":"https:\/\/idonim-lingerie.fr\/","name":"Idonim Lingerie","description":"Idonim offers a wide selection of fabrics, laces and accessories for your creations. Fast delivery. Educational workshops. Quality creation. Mixing Style and Comfort.","publisher":{"@id":"https:\/\/idonim-lingerie.fr\/#organization"},"potentialAction":[{"@type":"SearchAction","target":{"@type":"EntryPoint","urlTemplate":"https:\/\/idonim-lingerie.fr\/?s={search_term_string}"},"query-input":{"@type":"PropertyValueSpecification","valueRequired":true,"valueName":"search_term_string"}}],"inLanguage":"en-GB"},{"@type":"Organization","@id":"https:\/\/idonim-lingerie.fr\/#organization","name":"Idonim Lingerie","url":"https:\/\/idonim-lingerie.fr\/","logo":{"@type":"ImageObject","inLanguage":"en-GB","@id":"https:\/\/idonim-lingerie.fr\/#\/schema\/logo\/image\/","url":"https:\/\/idonim-lingerie.fr\/wp-content\/uploads\/2025\/12\/idonim_h28.webp","contentUrl":"https:\/\/idonim-lingerie.fr\/wp-content\/uploads\/2025\/12\/idonim_h28.webp","width":111,"height":28,"caption":"Idonim Lingerie"},"image":{"@id":"https:\/\/idonim-lingerie.fr\/#\/schema\/logo\/image\/"}}]}},"_links":{"self":[{"href":"https:\/\/idonim-lingerie.fr\/en\/wp-json\/wp\/v2\/pages\/2","targetHints":{"allow":["GET"]}}],"collection":[{"href":"https:\/\/idonim-lingerie.fr\/en\/wp-json\/wp\/v2\/pages"}],"about":[{"href":"https:\/\/idonim-lingerie.fr\/en\/wp-json\/wp\/v2\/types\/page"}],"author":[{"embeddable":true,"href":"https:\/\/idonim-lingerie.fr\/en\/wp-json\/wp\/v2\/users\/1"}],"replies":[{"embeddable":true,"href":"https:\/\/idonim-lingerie.fr\/en\/wp-json\/wp\/v2\/comments?post=2"}],"version-history":[{"count":0,"href":"https:\/\/idonim-lingerie.fr\/en\/wp-json\/wp\/v2\/pages\/2\/revisions"}],"wp:attachment":[{"href":"https:\/\/idonim-lingerie.fr\/en\/wp-json\/wp\/v2\/media?parent=2"}],"curies":[{"name":"wp","href":"https:\/\/api.w.org\/{rel}","templated":true}]}}