{"id":19834,"date":"2021-10-23T13:41:01","date_gmt":"2021-10-23T11:41:01","guid":{"rendered":"https:\/\/idonim-lingerie.fr\/legal-notice\/"},"modified":"2021-10-23T13:41:02","modified_gmt":"2021-10-23T11:41:02","slug":"legal-notice","status":"publish","type":"page","link":"https:\/\/idonim-lingerie.fr\/en\/legal-notice\/","title":{"rendered":"Legal Notice"},"content":{"rendered":"<h2 class=\"wp-block-heading\"><strong>Identity<\/strong><\/h2>\n\n<p>The site https:\/\/www.idonim-lingerie.fr (hereinafter referred to as the \u00ab\u00a0Site\u00a0\u00bb) is edited and operated by the company Idonim SASU, a company incorporated under French law with a share capital of 1000 euros, whose head office is located at 1 rue des martyrs \u2013 68120 Pfastatt \/ FRANCE, registered in the MULHOUSE Trade and Companies Register under number 768 769 RCS.<\/p>\n\n<p>Legal representative: Ms Chantal Petit<\/p>\n\n<p>VAT number: FR 75 847768769<\/p>\n\n<p>Siret number: 847 768 769 00014<\/p>\n\n<h2 class=\"wp-block-heading\"><strong>Contact<\/strong><\/h2>\n\n<p>Our customer relations department can be reached via our contact form or by e-mail address:<a href=\"mailto:chantal@idonim-lingerie.fr\"> chantal@idonim-lingerie.fr<\/a><\/p>\n\n<h2 class=\"wp-block-heading\"><strong>Design<\/strong><\/h2>\n\n<p>The Site was imagined and designed by David Bartra company db-conception.<\/p>\n\n<h2 class=\"wp-block-heading\"><strong>Host<\/strong><\/h2>\n\n<p>Site hosting is provided by:<\/p>\n\n<p>Planet Hoster<\/p>\n\n<p>4416 Louis-B.-Mayer<\/p>\n\n<p>Laval, Quebec<\/p>\n\n<p>Canada<\/p>\n\n<p>H7P 0G1<\/p>\n\n<p>Telephone: 0 805 080 426<\/p>\n\n<h2 class=\"wp-block-heading\"><strong>Intellectual property<\/strong><\/h2>\n\n<p>The Site is an intellectual work protected by law. Its content, including texts, illustrations, photographs and presentations are strictly reserved under copyright as well as intellectual property. The same applies to the database contained on the Site. The company Idonim SASU grants you a limited, non-exclusive, revocable license, without the right to sublicense the content of the Site, for simple access, navigation and use linked to the Site. This license does not grant you any other right, in particular of commercial exploitation of these contents.<\/p>\n\n<h2 class=\"wp-block-heading\"><strong>Brands<\/strong><\/h2>\n\n<p>The corporate names, brands and distinctive signs appearing on the Site are protected by French and international law. Any use, reproduction, distribution or representation of all or part of one of the aforementioned signs without express written authorization is prohibited.<\/p>\n\n<h2 class=\"wp-block-heading\"><strong>Personal data<\/strong><\/h2>\n\n<p>For information relating to the collection, processing and use of your personal data, we invite you to refer to our declaration relating to the<a href=\"https:\/\/idonim-lingerie.fr\/en\/politique-de-confidentialite\/\"> privacy policy<\/a> .<\/p>\n\n<h2 class=\"wp-block-heading\"><strong>Limitation of Liability<\/strong><\/h2>\n\n<p>We strive to ensure, to the best of our ability, the accuracy and timeliness of the information published on the Site. We reserve the right to correct and modify the content of the Site at any time and without notice. It is the responsibility of visitors to the Site to verify the information given on the Site by other means, including by contacting us directly. We do not accept any liability (a) for any imprecision, inaccuracy or omission relating to the information available on the Site, (b) for damages resulting from a modification of the information appearing on the Site caused by a possible fraudulent manipulation carried out by third parties and (c) for any damage, direct or indirect, whatever the causes, origins, nature or consequences, caused by anyone\u2019s access to the Site or the inability to access it, as well as the use of the Site and \/ or the credit given to any information coming directly or indirectly from it. The aforementioned limitations of liability do not apply in the event of serious or willful misconduct by the company Idonim SASU and \/ or death of a consumer or bodily injury caused to the latter, resulting from a fault by the company Idonim. SASU.<\/p>","protected":false},"excerpt":{"rendered":"<p>Identity The site https:\/\/www.idonim-lingerie.fr (hereinafter referred to as the \u00ab\u00a0Site\u00a0\u00bb) is edited and operated by the company Idonim SASU, a company incorporated under French law with a share capital of 1000 euros, whose head office is located at 1 rue des martyrs \u2013 68120 Pfastatt \/ FRANCE, registered in the [&hellip;]<\/p>\n","protected":false},"author":1,"featured_media":0,"parent":0,"menu_order":0,"comment_status":"closed","ping_status":"closed","template":"","meta":{"footnotes":""},"class_list":["post-19834","page","type-page","status-publish","hentry"],"yoast_head":"<!-- This site is optimized with the Yoast SEO plugin v27.6 - https:\/\/yoast.com\/product\/yoast-seo-wordpress\/ -->\n<title>Legal Notice - Idonim Lingerie<\/title>\n<meta name=\"robots\" content=\"index, follow, max-snippet:-1, max-image-preview:large, max-video-preview:-1\" \/>\n<link rel=\"canonical\" href=\"https:\/\/idonim-lingerie.fr\/en\/legal-notice\/\" \/>\n<meta property=\"og:locale\" content=\"en_GB\" \/>\n<meta property=\"og:type\" content=\"article\" \/>\n<meta property=\"og:title\" content=\"Legal Notice - Idonim Lingerie\" \/>\n<meta property=\"og:description\" content=\"Identity The site https:\/\/www.idonim-lingerie.fr (hereinafter referred to as the \u00ab\u00a0Site\u00a0\u00bb) is edited and operated by the company Idonim SASU, a company incorporated under French law with a share capital of 1000 euros, whose head office is located at 1 rue des martyrs \u2013 68120 Pfastatt \/ FRANCE, registered in the [&hellip;]\" \/>\n<meta property=\"og:url\" content=\"https:\/\/idonim-lingerie.fr\/en\/legal-notice\/\" \/>\n<meta property=\"og:site_name\" content=\"Idonim Lingerie\" \/>\n<meta property=\"article:modified_time\" content=\"2021-10-23T11:41:02+00:00\" \/>\n<meta name=\"twitter:card\" content=\"summary_large_image\" \/>\n<meta name=\"twitter:label1\" content=\"Estimated reading time\" \/>\n\t<meta name=\"twitter:data1\" content=\"2 minutes\" \/>\n<script type=\"application\/ld+json\" class=\"yoast-schema-graph\">{\"@context\":\"https:\\\/\\\/schema.org\",\"@graph\":[{\"@type\":\"WebPage\",\"@id\":\"https:\\\/\\\/idonim-lingerie.fr\\\/legal-notice\\\/\",\"url\":\"https:\\\/\\\/idonim-lingerie.fr\\\/legal-notice\\\/\",\"name\":\"Legal Notice - Idonim Lingerie\",\"isPartOf\":{\"@id\":\"https:\\\/\\\/idonim-lingerie.fr\\\/#website\"},\"datePublished\":\"2021-10-23T11:41:01+00:00\",\"dateModified\":\"2021-10-23T11:41:02+00:00\",\"breadcrumb\":{\"@id\":\"https:\\\/\\\/idonim-lingerie.fr\\\/legal-notice\\\/#breadcrumb\"},\"inLanguage\":\"en-GB\",\"potentialAction\":[{\"@type\":\"ReadAction\",\"target\":[\"https:\\\/\\\/idonim-lingerie.fr\\\/legal-notice\\\/\"]}]},{\"@type\":\"BreadcrumbList\",\"@id\":\"https:\\\/\\\/idonim-lingerie.fr\\\/legal-notice\\\/#breadcrumb\",\"itemListElement\":[{\"@type\":\"ListItem\",\"position\":1,\"name\":\"Accueil\",\"item\":\"https:\\\/\\\/idonim-lingerie.fr\\\/\"},{\"@type\":\"ListItem\",\"position\":2,\"name\":\"Legal Notice\"}]},{\"@type\":\"WebSite\",\"@id\":\"https:\\\/\\\/idonim-lingerie.fr\\\/#website\",\"url\":\"https:\\\/\\\/idonim-lingerie.fr\\\/\",\"name\":\"Idonim Lingerie\",\"description\":\"Idonim offre une s\u00e9lection vari\u00e9e de tissus, dentelles et accessoires pour vos cr\u00e9ations. Livraison rapide. Ateliers P\u00e9dagogiques. Cr\u00e9ation De Qualit\u00e9. M\u00ealant Style Et Confort.\",\"publisher\":{\"@id\":\"https:\\\/\\\/idonim-lingerie.fr\\\/#organization\"},\"potentialAction\":[{\"@type\":\"SearchAction\",\"target\":{\"@type\":\"EntryPoint\",\"urlTemplate\":\"https:\\\/\\\/idonim-lingerie.fr\\\/?s={search_term_string}\"},\"query-input\":{\"@type\":\"PropertyValueSpecification\",\"valueRequired\":true,\"valueName\":\"search_term_string\"}}],\"inLanguage\":\"en-GB\"},{\"@type\":\"Organization\",\"@id\":\"https:\\\/\\\/idonim-lingerie.fr\\\/#organization\",\"name\":\"Idonim Lingerie\",\"url\":\"https:\\\/\\\/idonim-lingerie.fr\\\/\",\"logo\":{\"@type\":\"ImageObject\",\"inLanguage\":\"en-GB\",\"@id\":\"https:\\\/\\\/idonim-lingerie.fr\\\/#\\\/schema\\\/logo\\\/image\\\/\",\"url\":\"https:\\\/\\\/idonim-lingerie.fr\\\/wp-content\\\/uploads\\\/2025\\\/12\\\/idonim_h28.webp\",\"contentUrl\":\"https:\\\/\\\/idonim-lingerie.fr\\\/wp-content\\\/uploads\\\/2025\\\/12\\\/idonim_h28.webp\",\"width\":111,\"height\":28,\"caption\":\"Idonim Lingerie\"},\"image\":{\"@id\":\"https:\\\/\\\/idonim-lingerie.fr\\\/#\\\/schema\\\/logo\\\/image\\\/\"}}]}<\/script>\n<!-- \/ Yoast SEO plugin. -->","yoast_head_json":{"title":"Legal Notice - Idonim Lingerie","robots":{"index":"index","follow":"follow","max-snippet":"max-snippet:-1","max-image-preview":"max-image-preview:large","max-video-preview":"max-video-preview:-1"},"canonical":"https:\/\/idonim-lingerie.fr\/en\/legal-notice\/","og_locale":"en_GB","og_type":"article","og_title":"Legal Notice - Idonim Lingerie","og_description":"Identity The site https:\/\/www.idonim-lingerie.fr (hereinafter referred to as the \u00ab\u00a0Site\u00a0\u00bb) is edited and operated by the company Idonim SASU, a company incorporated under French law with a share capital of 1000 euros, whose head office is located at 1 rue des martyrs \u2013 68120 Pfastatt \/ FRANCE, registered in the [&hellip;]","og_url":"https:\/\/idonim-lingerie.fr\/en\/legal-notice\/","og_site_name":"Idonim Lingerie","article_modified_time":"2021-10-23T11:41:02+00:00","twitter_card":"summary_large_image","twitter_misc":{"Estimated reading time":"2 minutes"},"schema":{"@context":"https:\/\/schema.org","@graph":[{"@type":"WebPage","@id":"https:\/\/idonim-lingerie.fr\/legal-notice\/","url":"https:\/\/idonim-lingerie.fr\/legal-notice\/","name":"Legal Notice - Idonim Lingerie","isPartOf":{"@id":"https:\/\/idonim-lingerie.fr\/#website"},"datePublished":"2021-10-23T11:41:01+00:00","dateModified":"2021-10-23T11:41:02+00:00","breadcrumb":{"@id":"https:\/\/idonim-lingerie.fr\/legal-notice\/#breadcrumb"},"inLanguage":"en-GB","potentialAction":[{"@type":"ReadAction","target":["https:\/\/idonim-lingerie.fr\/legal-notice\/"]}]},{"@type":"BreadcrumbList","@id":"https:\/\/idonim-lingerie.fr\/legal-notice\/#breadcrumb","itemListElement":[{"@type":"ListItem","position":1,"name":"Accueil","item":"https:\/\/idonim-lingerie.fr\/"},{"@type":"ListItem","position":2,"name":"Legal Notice"}]},{"@type":"WebSite","@id":"https:\/\/idonim-lingerie.fr\/#website","url":"https:\/\/idonim-lingerie.fr\/","name":"Idonim Lingerie","description":"Idonim offers a wide selection of fabrics, laces and accessories for your creations. Fast delivery. Educational workshops. Quality creation. Mixing Style and Comfort.","publisher":{"@id":"https:\/\/idonim-lingerie.fr\/#organization"},"potentialAction":[{"@type":"SearchAction","target":{"@type":"EntryPoint","urlTemplate":"https:\/\/idonim-lingerie.fr\/?s={search_term_string}"},"query-input":{"@type":"PropertyValueSpecification","valueRequired":true,"valueName":"search_term_string"}}],"inLanguage":"en-GB"},{"@type":"Organization","@id":"https:\/\/idonim-lingerie.fr\/#organization","name":"Idonim Lingerie","url":"https:\/\/idonim-lingerie.fr\/","logo":{"@type":"ImageObject","inLanguage":"en-GB","@id":"https:\/\/idonim-lingerie.fr\/#\/schema\/logo\/image\/","url":"https:\/\/idonim-lingerie.fr\/wp-content\/uploads\/2025\/12\/idonim_h28.webp","contentUrl":"https:\/\/idonim-lingerie.fr\/wp-content\/uploads\/2025\/12\/idonim_h28.webp","width":111,"height":28,"caption":"Idonim Lingerie"},"image":{"@id":"https:\/\/idonim-lingerie.fr\/#\/schema\/logo\/image\/"}}]}},"_links":{"self":[{"href":"https:\/\/idonim-lingerie.fr\/en\/wp-json\/wp\/v2\/pages\/19834","targetHints":{"allow":["GET"]}}],"collection":[{"href":"https:\/\/idonim-lingerie.fr\/en\/wp-json\/wp\/v2\/pages"}],"about":[{"href":"https:\/\/idonim-lingerie.fr\/en\/wp-json\/wp\/v2\/types\/page"}],"author":[{"embeddable":true,"href":"https:\/\/idonim-lingerie.fr\/en\/wp-json\/wp\/v2\/users\/1"}],"replies":[{"embeddable":true,"href":"https:\/\/idonim-lingerie.fr\/en\/wp-json\/wp\/v2\/comments?post=19834"}],"version-history":[{"count":1,"href":"https:\/\/idonim-lingerie.fr\/en\/wp-json\/wp\/v2\/pages\/19834\/revisions"}],"predecessor-version":[{"id":19839,"href":"https:\/\/idonim-lingerie.fr\/en\/wp-json\/wp\/v2\/pages\/19834\/revisions\/19839"}],"wp:attachment":[{"href":"https:\/\/idonim-lingerie.fr\/en\/wp-json\/wp\/v2\/media?parent=19834"}],"curies":[{"name":"wp","href":"https:\/\/api.w.org\/{rel}","templated":true}]}}