{"id":19776,"date":"2021-10-23T13:40:54","date_gmt":"2021-10-23T11:40:54","guid":{"rendered":"https:\/\/idonim-lingerie.fr\/gallery\/"},"modified":"2021-10-23T13:41:01","modified_gmt":"2021-10-23T11:41:01","slug":"gallery","status":"publish","type":"page","link":"https:\/\/idonim-lingerie.fr\/en\/gallery\/","title":{"rendered":"Gallery"},"content":{"rendered":"<div class=\"wpb-content-wrapper\"><div  class=\"sec_row container\"><div class=\"vc_row wpb_row vc_row-fluid\"><div class=\"wpb_column vc_column_container vc_col-sm-12 et-dark-column\"><div class=\"vc_column-inner\"><div class=\"wpb_wrapper\">\t  <div class=\"regular-padding row masonry variable-height et-portfolio et-portfolio-layout-grid et-portfolio-style-regular\" data-loadmore=\"#loadmore-580\">\n  \t\t<div class=\"item type-portfolio aspect-ratio-original  col-12 col-md-4 col-lg-3 post-35867 portfolio status-publish has-post-thumbnail hentry\" id=\"portfolio-35867\">\t\n\t<div class=\"portfolio-holder masonry-items-holder\">\n\t\t<div class=\"et-portfolio-image\">\n\t\t\t<img loading=\"lazy\" decoding=\"async\" width=\"768\" height=\"1152\" src=\"https:\/\/idonim-lingerie.fr\/wp-content\/uploads\/2023\/12\/IMG_9230-768x1152.jpg\" class=\"attachment-medium_large size-medium_large wp-post-image\" alt=\"\" srcset=\"https:\/\/idonim-lingerie.fr\/wp-content\/uploads\/2023\/12\/IMG_9230-768x1152.jpg 768w, https:\/\/idonim-lingerie.fr\/wp-content\/uploads\/2023\/12\/IMG_9230-200x300.jpg 200w, https:\/\/idonim-lingerie.fr\/wp-content\/uploads\/2023\/12\/IMG_9230-683x1024.jpg 683w, https:\/\/idonim-lingerie.fr\/wp-content\/uploads\/2023\/12\/IMG_9230-1024x1536.jpg 1024w, https:\/\/idonim-lingerie.fr\/wp-content\/uploads\/2023\/12\/IMG_9230-1365x2048.jpg 1365w, https:\/\/idonim-lingerie.fr\/wp-content\/uploads\/2023\/12\/IMG_9230-8x12.jpg 8w, https:\/\/idonim-lingerie.fr\/wp-content\/uploads\/2023\/12\/IMG_9230-100x150.jpg 100w, https:\/\/idonim-lingerie.fr\/wp-content\/uploads\/2023\/12\/IMG_9230-900x1350.jpg 900w, https:\/\/idonim-lingerie.fr\/wp-content\/uploads\/2023\/12\/IMG_9230-scaled.jpg 1707w\" sizes=\"auto, (max-width: 768px) 100vw, 768px\" \/>\t\t\t<div class=\"et-portfolio-hover\"><\/div>\n\t\t<\/div>\n\t\t<a href=\"https:\/\/idonim-lingerie.fr\/en\/portfolio\/les-culottes\/\" class=\"et-portfolio-link\"><\/a>\n\t\t<div class=\"et-portfolio-content\">\n\t\t\t<aside class=\"et-portfolio-categories post-categories\"><\/aside>\n\t\t\t<h3>Panties<\/h3>\n\t\t<\/div>\n\t<\/div>\n<\/div><div class=\"item type-portfolio aspect-ratio-original  col-12 col-md-4 col-lg-3 post-35863 portfolio status-publish has-post-thumbnail hentry\" id=\"portfolio-35863\">\t\n\t<div class=\"portfolio-holder masonry-items-holder\">\n\t\t<div class=\"et-portfolio-image\">\n\t\t\t<img loading=\"lazy\" decoding=\"async\" width=\"768\" height=\"1152\" src=\"https:\/\/idonim-lingerie.fr\/wp-content\/uploads\/2023\/12\/IMG_9403-768x1152.jpg\" class=\"attachment-medium_large size-medium_large wp-post-image\" alt=\"\" srcset=\"https:\/\/idonim-lingerie.fr\/wp-content\/uploads\/2023\/12\/IMG_9403-768x1152.jpg 768w, https:\/\/idonim-lingerie.fr\/wp-content\/uploads\/2023\/12\/IMG_9403-200x300.jpg 200w, https:\/\/idonim-lingerie.fr\/wp-content\/uploads\/2023\/12\/IMG_9403-683x1024.jpg 683w, https:\/\/idonim-lingerie.fr\/wp-content\/uploads\/2023\/12\/IMG_9403-1024x1536.jpg 1024w, https:\/\/idonim-lingerie.fr\/wp-content\/uploads\/2023\/12\/IMG_9403-1365x2048.jpg 1365w, https:\/\/idonim-lingerie.fr\/wp-content\/uploads\/2023\/12\/IMG_9403-8x12.jpg 8w, https:\/\/idonim-lingerie.fr\/wp-content\/uploads\/2023\/12\/IMG_9403-100x150.jpg 100w, https:\/\/idonim-lingerie.fr\/wp-content\/uploads\/2023\/12\/IMG_9403-900x1350.jpg 900w, https:\/\/idonim-lingerie.fr\/wp-content\/uploads\/2023\/12\/IMG_9403-scaled.jpg 1706w\" sizes=\"auto, (max-width: 768px) 100vw, 768px\" \/>\t\t\t<div class=\"et-portfolio-hover\"><\/div>\n\t\t<\/div>\n\t\t<a href=\"https:\/\/idonim-lingerie.fr\/en\/portfolio\/35863\/\" class=\"et-portfolio-link\"><\/a>\n\t\t<div class=\"et-portfolio-content\">\n\t\t\t<aside class=\"et-portfolio-categories post-categories\"><\/aside>\n\t\t\t<h3>Tunic<\/h3>\n\t\t<\/div>\n\t<\/div>\n<\/div><div class=\"item type-portfolio aspect-ratio-original  col-12 col-md-4 col-lg-3 post-35862 portfolio status-publish has-post-thumbnail hentry\" id=\"portfolio-35862\">\t\n\t<div class=\"portfolio-holder masonry-items-holder\">\n\t\t<div class=\"et-portfolio-image\">\n\t\t\t<img loading=\"lazy\" decoding=\"async\" width=\"768\" height=\"512\" src=\"https:\/\/idonim-lingerie.fr\/wp-content\/uploads\/2023\/12\/IMG_9112-768x512.jpg\" class=\"attachment-medium_large size-medium_large wp-post-image\" alt=\"\" srcset=\"https:\/\/idonim-lingerie.fr\/wp-content\/uploads\/2023\/12\/IMG_9112-768x512.jpg 768w, https:\/\/idonim-lingerie.fr\/wp-content\/uploads\/2023\/12\/IMG_9112-300x200.jpg 300w, https:\/\/idonim-lingerie.fr\/wp-content\/uploads\/2023\/12\/IMG_9112-1024x683.jpg 1024w, https:\/\/idonim-lingerie.fr\/wp-content\/uploads\/2023\/12\/IMG_9112-1536x1024.jpg 1536w, https:\/\/idonim-lingerie.fr\/wp-content\/uploads\/2023\/12\/IMG_9112-2048x1365.jpg 2048w, https:\/\/idonim-lingerie.fr\/wp-content\/uploads\/2023\/12\/IMG_9112-18x12.jpg 18w, https:\/\/idonim-lingerie.fr\/wp-content\/uploads\/2023\/12\/IMG_9112-150x100.jpg 150w, https:\/\/idonim-lingerie.fr\/wp-content\/uploads\/2023\/12\/IMG_9112-900x600.jpg 900w\" sizes=\"auto, (max-width: 768px) 100vw, 768px\" \/>\t\t\t<div class=\"et-portfolio-hover\"><\/div>\n\t\t<\/div>\n\t\t<a href=\"https:\/\/idonim-lingerie.fr\/en\/portfolio\/short\/\" class=\"et-portfolio-link\"><\/a>\n\t\t<div class=\"et-portfolio-content\">\n\t\t\t<aside class=\"et-portfolio-categories post-categories\"><\/aside>\n\t\t\t<h3>Short<\/h3>\n\t\t<\/div>\n\t<\/div>\n<\/div><div class=\"item type-portfolio aspect-ratio-original  col-12 col-md-4 col-lg-3 post-35856 portfolio status-publish has-post-thumbnail hentry\" id=\"portfolio-35856\">\t\n\t<div class=\"portfolio-holder masonry-items-holder\">\n\t\t<div class=\"et-portfolio-image\">\n\t\t\t<img loading=\"lazy\" decoding=\"async\" width=\"768\" height=\"1152\" src=\"https:\/\/idonim-lingerie.fr\/wp-content\/uploads\/2023\/12\/IMG_9350-768x1152.jpg\" class=\"attachment-medium_large size-medium_large wp-post-image\" alt=\"\" srcset=\"https:\/\/idonim-lingerie.fr\/wp-content\/uploads\/2023\/12\/IMG_9350-768x1152.jpg 768w, https:\/\/idonim-lingerie.fr\/wp-content\/uploads\/2023\/12\/IMG_9350-200x300.jpg 200w, https:\/\/idonim-lingerie.fr\/wp-content\/uploads\/2023\/12\/IMG_9350-683x1024.jpg 683w, https:\/\/idonim-lingerie.fr\/wp-content\/uploads\/2023\/12\/IMG_9350-1024x1536.jpg 1024w, https:\/\/idonim-lingerie.fr\/wp-content\/uploads\/2023\/12\/IMG_9350-1365x2048.jpg 1365w, https:\/\/idonim-lingerie.fr\/wp-content\/uploads\/2023\/12\/IMG_9350-8x12.jpg 8w, https:\/\/idonim-lingerie.fr\/wp-content\/uploads\/2023\/12\/IMG_9350-100x150.jpg 100w, https:\/\/idonim-lingerie.fr\/wp-content\/uploads\/2023\/12\/IMG_9350-900x1350.jpg 900w, https:\/\/idonim-lingerie.fr\/wp-content\/uploads\/2023\/12\/IMG_9350-scaled.jpg 1707w\" sizes=\"auto, (max-width: 768px) 100vw, 768px\" \/>\t\t\t<div class=\"et-portfolio-hover\"><\/div>\n\t\t<\/div>\n\t\t<a href=\"https:\/\/idonim-lingerie.fr\/en\/portfolio\/kimono\/\" class=\"et-portfolio-link\"><\/a>\n\t\t<div class=\"et-portfolio-content\">\n\t\t\t<aside class=\"et-portfolio-categories post-categories\"><\/aside>\n\t\t\t<h3>Kimono<\/h3>\n\t\t<\/div>\n\t<\/div>\n<\/div><div class=\"item type-portfolio aspect-ratio-original  col-12 col-md-4 col-lg-3 post-35839 portfolio status-publish has-post-thumbnail hentry\" id=\"portfolio-35839\">\t\n\t<div class=\"portfolio-holder masonry-items-holder\">\n\t\t<div class=\"et-portfolio-image\">\n\t\t\t<img loading=\"lazy\" decoding=\"async\" width=\"768\" height=\"1152\" src=\"https:\/\/idonim-lingerie.fr\/wp-content\/uploads\/2023\/12\/IMG_8986-768x1152.jpg\" class=\"attachment-medium_large size-medium_large wp-post-image\" alt=\"\" srcset=\"https:\/\/idonim-lingerie.fr\/wp-content\/uploads\/2023\/12\/IMG_8986-768x1152.jpg 768w, https:\/\/idonim-lingerie.fr\/wp-content\/uploads\/2023\/12\/IMG_8986-200x300.jpg 200w, https:\/\/idonim-lingerie.fr\/wp-content\/uploads\/2023\/12\/IMG_8986-683x1024.jpg 683w, https:\/\/idonim-lingerie.fr\/wp-content\/uploads\/2023\/12\/IMG_8986-1024x1536.jpg 1024w, https:\/\/idonim-lingerie.fr\/wp-content\/uploads\/2023\/12\/IMG_8986-1366x2048.jpg 1366w, https:\/\/idonim-lingerie.fr\/wp-content\/uploads\/2023\/12\/IMG_8986-8x12.jpg 8w, https:\/\/idonim-lingerie.fr\/wp-content\/uploads\/2023\/12\/IMG_8986-100x150.jpg 100w, https:\/\/idonim-lingerie.fr\/wp-content\/uploads\/2023\/12\/IMG_8986-900x1350.jpg 900w, https:\/\/idonim-lingerie.fr\/wp-content\/uploads\/2023\/12\/IMG_8986.jpg 1687w\" sizes=\"auto, (max-width: 768px) 100vw, 768px\" \/>\t\t\t<div class=\"et-portfolio-hover\"><\/div>\n\t\t<\/div>\n\t\t<a href=\"https:\/\/idonim-lingerie.fr\/en\/portfolio\/body\/\" class=\"et-portfolio-link\"><\/a>\n\t\t<div class=\"et-portfolio-content\">\n\t\t\t<aside class=\"et-portfolio-categories post-categories\"><\/aside>\n\t\t\t<h3>Body<\/h3>\n\t\t<\/div>\n\t<\/div>\n<\/div><div class=\"item type-portfolio aspect-ratio-original  col-12 col-md-4 col-lg-3 post-19281 portfolio status-publish has-post-thumbnail hentry\" id=\"portfolio-19281\">\t\n\t<div class=\"portfolio-holder masonry-items-holder\">\n\t\t<div class=\"et-portfolio-image\">\n\t\t\t<img loading=\"lazy\" decoding=\"async\" width=\"768\" height=\"512\" src=\"https:\/\/idonim-lingerie.fr\/wp-content\/uploads\/2021\/10\/IMG_9167-768x512.jpg\" class=\"attachment-medium_large size-medium_large wp-post-image\" alt=\"\" srcset=\"https:\/\/idonim-lingerie.fr\/wp-content\/uploads\/2021\/10\/IMG_9167-768x512.jpg 768w, https:\/\/idonim-lingerie.fr\/wp-content\/uploads\/2021\/10\/IMG_9167-300x200.jpg 300w, https:\/\/idonim-lingerie.fr\/wp-content\/uploads\/2021\/10\/IMG_9167-1024x683.jpg 1024w, https:\/\/idonim-lingerie.fr\/wp-content\/uploads\/2021\/10\/IMG_9167-1536x1024.jpg 1536w, https:\/\/idonim-lingerie.fr\/wp-content\/uploads\/2021\/10\/IMG_9167-2048x1365.jpg 2048w, https:\/\/idonim-lingerie.fr\/wp-content\/uploads\/2021\/10\/IMG_9167-18x12.jpg 18w, https:\/\/idonim-lingerie.fr\/wp-content\/uploads\/2021\/10\/IMG_9167-150x100.jpg 150w, https:\/\/idonim-lingerie.fr\/wp-content\/uploads\/2021\/10\/IMG_9167-900x600.jpg 900w\" sizes=\"auto, (max-width: 768px) 100vw, 768px\" \/>\t\t\t<div class=\"et-portfolio-hover\"><\/div>\n\t\t<\/div>\n\t\t<a href=\"https:\/\/idonim-lingerie.fr\/en\/portfolio\/soutien-gorge-a-armatures\/\" class=\"et-portfolio-link\"><\/a>\n\t\t<div class=\"et-portfolio-content\">\n\t\t\t<aside class=\"et-portfolio-categories post-categories\"><\/aside>\n\t\t\t<h3>Underwired bras<\/h3>\n\t\t<\/div>\n\t<\/div>\n<\/div>\t<\/div>\n\t\n\t<\/div><\/div><\/div><\/div><\/div>\n<\/div>","protected":false},"excerpt":{"rendered":"","protected":false},"author":1,"featured_media":0,"parent":0,"menu_order":0,"comment_status":"closed","ping_status":"closed","template":"","meta":{"footnotes":""},"class_list":["post-19776","page","type-page","status-publish","hentry"],"yoast_head":"<!-- This site is optimized with the Yoast SEO plugin v27.5 - https:\/\/yoast.com\/product\/yoast-seo-wordpress\/ -->\n<title>Gallery - Idonim Lingerie<\/title>\n<meta name=\"robots\" content=\"index, follow, max-snippet:-1, max-image-preview:large, max-video-preview:-1\" \/>\n<link rel=\"canonical\" href=\"https:\/\/idonim-lingerie.fr\/en\/gallery\/\" \/>\n<meta property=\"og:locale\" content=\"en_GB\" \/>\n<meta property=\"og:type\" content=\"article\" \/>\n<meta property=\"og:title\" content=\"Gallery - Idonim Lingerie\" \/>\n<meta property=\"og:url\" content=\"https:\/\/idonim-lingerie.fr\/en\/gallery\/\" \/>\n<meta property=\"og:site_name\" content=\"Idonim Lingerie\" \/>\n<meta property=\"article:modified_time\" content=\"2021-10-23T11:41:01+00:00\" \/>\n<meta name=\"twitter:card\" content=\"summary_large_image\" \/>\n<script type=\"application\/ld+json\" class=\"yoast-schema-graph\">{\"@context\":\"https:\\\/\\\/schema.org\",\"@graph\":[{\"@type\":\"WebPage\",\"@id\":\"https:\\\/\\\/idonim-lingerie.fr\\\/gallery\\\/\",\"url\":\"https:\\\/\\\/idonim-lingerie.fr\\\/gallery\\\/\",\"name\":\"Gallery - Idonim Lingerie\",\"isPartOf\":{\"@id\":\"https:\\\/\\\/idonim-lingerie.fr\\\/#website\"},\"datePublished\":\"2021-10-23T11:40:54+00:00\",\"dateModified\":\"2021-10-23T11:41:01+00:00\",\"breadcrumb\":{\"@id\":\"https:\\\/\\\/idonim-lingerie.fr\\\/gallery\\\/#breadcrumb\"},\"inLanguage\":\"en-GB\",\"potentialAction\":[{\"@type\":\"ReadAction\",\"target\":[\"https:\\\/\\\/idonim-lingerie.fr\\\/gallery\\\/\"]}]},{\"@type\":\"BreadcrumbList\",\"@id\":\"https:\\\/\\\/idonim-lingerie.fr\\\/gallery\\\/#breadcrumb\",\"itemListElement\":[{\"@type\":\"ListItem\",\"position\":1,\"name\":\"Accueil\",\"item\":\"https:\\\/\\\/idonim-lingerie.fr\\\/\"},{\"@type\":\"ListItem\",\"position\":2,\"name\":\"Gallery\"}]},{\"@type\":\"WebSite\",\"@id\":\"https:\\\/\\\/idonim-lingerie.fr\\\/#website\",\"url\":\"https:\\\/\\\/idonim-lingerie.fr\\\/\",\"name\":\"Idonim Lingerie\",\"description\":\"Idonim offre une s\u00e9lection vari\u00e9e de tissus, dentelles et accessoires pour vos cr\u00e9ations. Livraison rapide. Ateliers P\u00e9dagogiques. Cr\u00e9ation De Qualit\u00e9. M\u00ealant Style Et Confort.\",\"publisher\":{\"@id\":\"https:\\\/\\\/idonim-lingerie.fr\\\/#organization\"},\"potentialAction\":[{\"@type\":\"SearchAction\",\"target\":{\"@type\":\"EntryPoint\",\"urlTemplate\":\"https:\\\/\\\/idonim-lingerie.fr\\\/?s={search_term_string}\"},\"query-input\":{\"@type\":\"PropertyValueSpecification\",\"valueRequired\":true,\"valueName\":\"search_term_string\"}}],\"inLanguage\":\"en-GB\"},{\"@type\":\"Organization\",\"@id\":\"https:\\\/\\\/idonim-lingerie.fr\\\/#organization\",\"name\":\"Idonim Lingerie\",\"url\":\"https:\\\/\\\/idonim-lingerie.fr\\\/\",\"logo\":{\"@type\":\"ImageObject\",\"inLanguage\":\"en-GB\",\"@id\":\"https:\\\/\\\/idonim-lingerie.fr\\\/#\\\/schema\\\/logo\\\/image\\\/\",\"url\":\"https:\\\/\\\/idonim-lingerie.fr\\\/wp-content\\\/uploads\\\/2025\\\/12\\\/idonim_h28.webp\",\"contentUrl\":\"https:\\\/\\\/idonim-lingerie.fr\\\/wp-content\\\/uploads\\\/2025\\\/12\\\/idonim_h28.webp\",\"width\":111,\"height\":28,\"caption\":\"Idonim Lingerie\"},\"image\":{\"@id\":\"https:\\\/\\\/idonim-lingerie.fr\\\/#\\\/schema\\\/logo\\\/image\\\/\"}}]}<\/script>\n<!-- \/ Yoast SEO plugin. -->","yoast_head_json":{"title":"Gallery - Idonim Lingerie","robots":{"index":"index","follow":"follow","max-snippet":"max-snippet:-1","max-image-preview":"max-image-preview:large","max-video-preview":"max-video-preview:-1"},"canonical":"https:\/\/idonim-lingerie.fr\/en\/gallery\/","og_locale":"en_GB","og_type":"article","og_title":"Gallery - Idonim Lingerie","og_url":"https:\/\/idonim-lingerie.fr\/en\/gallery\/","og_site_name":"Idonim Lingerie","article_modified_time":"2021-10-23T11:41:01+00:00","twitter_card":"summary_large_image","schema":{"@context":"https:\/\/schema.org","@graph":[{"@type":"WebPage","@id":"https:\/\/idonim-lingerie.fr\/gallery\/","url":"https:\/\/idonim-lingerie.fr\/gallery\/","name":"Gallery - Idonim Lingerie","isPartOf":{"@id":"https:\/\/idonim-lingerie.fr\/#website"},"datePublished":"2021-10-23T11:40:54+00:00","dateModified":"2021-10-23T11:41:01+00:00","breadcrumb":{"@id":"https:\/\/idonim-lingerie.fr\/gallery\/#breadcrumb"},"inLanguage":"en-GB","potentialAction":[{"@type":"ReadAction","target":["https:\/\/idonim-lingerie.fr\/gallery\/"]}]},{"@type":"BreadcrumbList","@id":"https:\/\/idonim-lingerie.fr\/gallery\/#breadcrumb","itemListElement":[{"@type":"ListItem","position":1,"name":"Accueil","item":"https:\/\/idonim-lingerie.fr\/"},{"@type":"ListItem","position":2,"name":"Gallery"}]},{"@type":"WebSite","@id":"https:\/\/idonim-lingerie.fr\/#website","url":"https:\/\/idonim-lingerie.fr\/","name":"Idonim Lingerie","description":"Idonim offers a wide selection of fabrics, laces and accessories for your creations. Fast delivery. Educational workshops. Quality creation. Mixing Style and Comfort.","publisher":{"@id":"https:\/\/idonim-lingerie.fr\/#organization"},"potentialAction":[{"@type":"SearchAction","target":{"@type":"EntryPoint","urlTemplate":"https:\/\/idonim-lingerie.fr\/?s={search_term_string}"},"query-input":{"@type":"PropertyValueSpecification","valueRequired":true,"valueName":"search_term_string"}}],"inLanguage":"en-GB"},{"@type":"Organization","@id":"https:\/\/idonim-lingerie.fr\/#organization","name":"Idonim Lingerie","url":"https:\/\/idonim-lingerie.fr\/","logo":{"@type":"ImageObject","inLanguage":"en-GB","@id":"https:\/\/idonim-lingerie.fr\/#\/schema\/logo\/image\/","url":"https:\/\/idonim-lingerie.fr\/wp-content\/uploads\/2025\/12\/idonim_h28.webp","contentUrl":"https:\/\/idonim-lingerie.fr\/wp-content\/uploads\/2025\/12\/idonim_h28.webp","width":111,"height":28,"caption":"Idonim Lingerie"},"image":{"@id":"https:\/\/idonim-lingerie.fr\/#\/schema\/logo\/image\/"}}]}},"_links":{"self":[{"href":"https:\/\/idonim-lingerie.fr\/en\/wp-json\/wp\/v2\/pages\/19776","targetHints":{"allow":["GET"]}}],"collection":[{"href":"https:\/\/idonim-lingerie.fr\/en\/wp-json\/wp\/v2\/pages"}],"about":[{"href":"https:\/\/idonim-lingerie.fr\/en\/wp-json\/wp\/v2\/types\/page"}],"author":[{"embeddable":true,"href":"https:\/\/idonim-lingerie.fr\/en\/wp-json\/wp\/v2\/users\/1"}],"replies":[{"embeddable":true,"href":"https:\/\/idonim-lingerie.fr\/en\/wp-json\/wp\/v2\/comments?post=19776"}],"version-history":[{"count":1,"href":"https:\/\/idonim-lingerie.fr\/en\/wp-json\/wp\/v2\/pages\/19776\/revisions"}],"predecessor-version":[{"id":19786,"href":"https:\/\/idonim-lingerie.fr\/en\/wp-json\/wp\/v2\/pages\/19776\/revisions\/19786"}],"wp:attachment":[{"href":"https:\/\/idonim-lingerie.fr\/en\/wp-json\/wp\/v2\/media?parent=19776"}],"curies":[{"name":"wp","href":"https:\/\/api.w.org\/{rel}","templated":true}]}}